{"id":16,"date":"2022-11-23T14:06:18","date_gmt":"2022-11-23T12:06:18","guid":{"rendered":"https:\/\/teamollikainen.fi\/?page_id=16"},"modified":"2026-04-28T11:39:02","modified_gmt":"2026-04-28T08:39:02","slug":"team-ollikainen","status":"publish","type":"page","link":"https:\/\/teamollikainen.fi\/","title":{"rendered":"TEAM OLLIKAINEN"},"content":{"rendered":"<section class=\"wpb-content-wrapper\"><p>[vc_row full_width=&#8221;stretch_row_content_no_spaces&#8221; equal_height=&#8221;yes&#8221; content_placement=&#8221;middle&#8221; awb_type=&#8221;video&#8221; awb_video_mobile=&#8221;1&#8243; awb_video_always_play=&#8221;1&#8243; awb_color=&#8221;rgba(10,10,10,0.74)&#8221; awb_video_webm=&#8221;https:\/\/teamollikainen.fi\/wp-content\/uploads\/2022\/11\/team-ollikainen-banneri-video.mp4&#8243; css=&#8221;.vc_custom_1669890230547{margin-top: -120px !important;}&#8221;][vc_column width=&#8221;1\/4&#8243;][\/vc_column][vc_column width=&#8221;1\/2&#8243;][vc_empty_space height=&#8221;200px&#8221;][vc_single_image image=&#8221;41&#8243; img_size=&#8221;full&#8221; alignment=&#8221;center&#8221; css=&#8221;.vc_custom_1673528341137{padding-right: 20px !important;padding-left: 20px !important;}&#8221;][vc_column_text css=&#8221;.vc_custom_1673528305109{padding-right: 20px !important;padding-left: 20px !important;}&#8221;]<\/p>\n<h1 style=\"text-align: center;\"><span style=\"color: #ffffff;\">TIMANTTIPORAUS JA -SAHAUSTY\u00d6T AMMATTITAIDOLLA<\/span><\/h1>\n<p>[\/vc_column_text][vc_column_text]<\/p>\n<p style=\"text-align: center;\"><a class=\"nappi\" href=\"#palvelut\">PALVELUT<\/a><a class=\"nappi\" href=\"tel:+358500 678 682\">SOITA<\/a><\/p>\n<p>[\/vc_column_text][vc_empty_space height=&#8221;200px&#8221;][\/vc_column][vc_column width=&#8221;1\/4&#8243;][\/vc_column][\/vc_row][vc_row full_width=&#8221;stretch_row_content&#8221; equal_height=&#8221;yes&#8221; css=&#8221;.vc_custom_1678351748037{background-color: #f1f3f5 !important;}&#8221;][vc_column css=&#8221;.vc_custom_1678350491120{margin-right: 3vw !important;margin-left: 3vw !important;padding-top: 50px !important;padding-bottom: 50px !important;}&#8221;][vc_column_text css=&#8221;.vc_custom_1678350505052{margin-bottom: 50px !important;}&#8221;]<\/p>\n<h2 style=\"text-align: center;\">TEAM OLLIKAINEN, JO VUODESTA 1968<\/h2>\n<p>[\/vc_column_text][vc_row_inner equal_height=&#8221;yes&#8221;][vc_column_inner width=&#8221;1\/3&#8243; css=&#8221;.vc_custom_1678350900793{margin-right: 1vw !important;}&#8221;][vc_single_image image=&#8221;141&#8243; img_size=&#8221;full&#8221; alignment=&#8221;center&#8221;][\/vc_column_inner][vc_column_inner width=&#8221;2\/3&#8243; css=&#8221;.vc_custom_1678350896314{margin-left: 1vw !important;}&#8221;][vc_column_text]Siilinj\u00e4rvel\u00e4inen Team Ollikainen Oy on timanttiporauksiin, -leikkauksiin ja -hiontoihin erikoistunut yritys.<br \/>\nMonipuolinen yritys my\u00f6s rakentaa, purkaa ja kuljettaa. Yhden miehen kuorma-autoyrityksest\u00e4 toiminta on laajennuttu todelliseksi monialayritykseksi. Rakennust\u00f6iden lis\u00e4ksi Ollikaisen toimenkuvaan kuuluvat muun muassa elintarvikekuljetukset ja maansiirtoty\u00f6t. Asiakkaita ovat esimerkiksi rakennusliikkeet ja taloyhti\u00f6t sek\u00e4 yksityistaloudet, yritykset ja yhteis\u00f6t.[\/vc_column_text][vc_column_text]<\/p>\n<p style=\"text-align: left;\"><a class=\"nappi-tumma\" href=\"#yritys\">HISTORIA<\/a><a class=\"nappi-tumma\" href=\"#palvelut\">PALVELUT<\/a><a class=\"nappi-tumma\" href=\"#yhteystiedot\">OTA YHTEYTT\u00c4<\/a><\/p>\n<p>[\/vc_column_text][\/vc_column_inner][\/vc_row_inner][\/vc_column][\/vc_row][vc_row full_width=&#8221;stretch_row_content&#8221; equal_height=&#8221;yes&#8221; css=&#8221;.vc_custom_1678350622299{background-color: #ffffff !important;}&#8221; el_id=&#8221;palvelut&#8221;][vc_column css=&#8221;.vc_custom_1678350561755{margin-top: 50px !important;margin-right: 3vw !important;margin-bottom: 50px !important;margin-left: 3vw !important;}&#8221;][vc_column_text css=&#8221;.vc_custom_1678350305391{margin-bottom: 50px !important;}&#8221;]<\/p>\n<h2 style=\"text-align: center;\">PALVELUT<\/h2>\n<p>[\/vc_column_text][vc_row_inner equal_height=&#8221;yes&#8221;][vc_column_inner width=&#8221;1\/3&#8243; css=&#8221;.vc_custom_1678350839171{margin-right: 1vw !important;}&#8221;][vc_single_image image=&#8221;174&#8243; img_size=&#8221;full&#8221; alignment=&#8221;center&#8221;][vc_column_text]<\/p>\n<h3 style=\"text-align: center;\">TIMANTTIPORAUS<\/h3>\n<p>[\/vc_column_text][vc_column_text]L\u00e4piviennit, rei\u00e4t ja aukot kivi- ja betonirakenteisiin uudis- ja peruskorjauskohteissa. Timanttiporaukset voidaan tehd\u00e4 lattiaan, sein\u00e4\u00e4 ja kattoon. My\u00f6s kuivaporaukset onnistuvat. Lopputuloksena on siisti ja mittatarkka reik\u00e4. Hyllyst\u00e4mme l\u00f6ytyy kaikki yleisimm\u00e4t porakoot (\u03a610 mm \u2013 450 mm).[\/vc_column_text][\/vc_column_inner][vc_column_inner width=&#8221;1\/3&#8243; css=&#8221;.vc_custom_1678350835221{margin-right: 0.5vw !important;margin-left: 0.5vw !important;}&#8221;][vc_single_image image=&#8221;144&#8243; img_size=&#8221;full&#8221; alignment=&#8221;center&#8221;][vc_column_text]<\/p>\n<h3 style=\"text-align: center;\">TIMANTTISAHAUS<\/h3>\n<p>[\/vc_column_text][vc_column_text]Suoraviivaiset leikkaukset betoni- ja tiilirakenteisiin, lattiaan, sein\u00e4\u00e4n ja kattoon. Tyypillisi\u00e4 sahaust\u00f6it\u00e4 ovat ovi- ja ikkuna-aukot, liikuntasaumat, lattial\u00e4mmitysurat sek\u00e4 betonirakenteiden paloittelu, irrotus ja purkaminen. Timanttisahauksen hy\u00f6dyt ovat nopeus, mittatarkkuus, p\u00f6lytt\u00f6myys ja j\u00e4lkit\u00f6iden v\u00e4h\u00e4isyys. Lopputulos on siisti ja edullinen.[\/vc_column_text][\/vc_column_inner][vc_column_inner width=&#8221;1\/3&#8243; css=&#8221;.vc_custom_1678350844538{margin-left: 1vw !important;}&#8221;][vc_single_image image=&#8221;175&#8243; img_size=&#8221;full&#8221; alignment=&#8221;center&#8221;][vc_column_text]<\/p>\n<h3 style=\"text-align: center;\">TIMANTTIHIONTA<\/h3>\n<p>[\/vc_column_text][vc_column_text]Hiomalla ep\u00e4tasaisuus, rosoisuus, sementtiliimakerros ja vanhat tasoitteet saadaan pois tehokkaasti. Menetelm\u00e4 sopii my\u00f6s, kun lopulliseksi pinnaksi halutaan betoni. Tyypillisi\u00e4 timanttihiontat\u00f6it\u00e4 ovat lattian j\u00e4\u00e4nn\u00f6sten poisto, katon ja seinien hionta, pintojen puhdistus ja pinnoitteiden poisto. Suoritamme betoni- ja tiilirakenteiden hionta- ja jyrsint\u00e4ty\u00f6t uudis- sek\u00e4 saneerauskohteissa.[\/vc_column_text][\/vc_column_inner][\/vc_row_inner][vc_row_inner equal_height=&#8221;yes&#8221;][vc_column_inner width=&#8221;1\/3&#8243; css=&#8221;.vc_custom_1678350873785{margin-right: 1vw !important;}&#8221;][vc_single_image image=&#8221;145&#8243; img_size=&#8221;full&#8221; alignment=&#8221;center&#8221;][vc_column_text]<\/p>\n<h3 style=\"text-align: center;\">TRAKTORI- JA KAIVINKONETY\u00d6T<\/h3>\n<p>[\/vc_column_text][vc_column_text]Maarakentamisessa ja koneurakoinnissa monipuoliset palvelumme ulottuvat piharakentamisesta kaapelit\u00f6ihin ja erilaisiin purkut\u00f6ihin. K\u00e4yt\u00f6ss\u00e4mme on kuorma-autoja, traktoreita ja kaivinkoneita sek\u00e4 Bobcat-pienkuormain. Palvelemme yritys- ja yksityisasiakkaita Siilinj\u00e4rvell\u00e4 ja Kuopiossa sek\u00e4 l\u00e4hialueilla. Hoidamme sek\u00e4 kokonais- ett\u00e4 osaurakat aikataulussa ja tarkalla ty\u00f6nj\u00e4ljell\u00e4.[\/vc_column_text][\/vc_column_inner][vc_column_inner width=&#8221;1\/3&#8243; css=&#8221;.vc_custom_1678350860345{margin-right: 0.5vw !important;margin-left: 0.5vw !important;}&#8221;][vc_single_image image=&#8221;176&#8243; img_size=&#8221;full&#8221; alignment=&#8221;center&#8221;][vc_column_text]<\/p>\n<h3 style=\"text-align: center;\">KULJETUSPALVELUT<\/h3>\n<p>[\/vc_column_text][vc_column_text]Monipuolisella kalustollamme kuljetamme sujuvasti niin pienet kuin suuret elintarvike-er\u00e4t. Asianmukainen kuljetuskalusto ja ammattiosaaminen takaavat, ett\u00e4 tuotteet s\u00e4ilyv\u00e4t tuoreina ja laadukkaina. Pitk\u00e4aikainen sopimuskumppanimme on Kesko Oyj.[\/vc_column_text][\/vc_column_inner][vc_column_inner width=&#8221;1\/3&#8243; css=&#8221;.vc_custom_1678350869558{margin-left: 1vw !important;}&#8221;][vc_single_image image=&#8221;147&#8243; img_size=&#8221;full&#8221; alignment=&#8221;center&#8221;][vc_column_text]<\/p>\n<h3 style=\"text-align: center;\">RAKENNUS- JA SANEERAUSTY\u00d6T<\/h3>\n<p>[\/vc_column_text][vc_column_text]Teemme kaikki saneerauspurkuun liittyv\u00e4t purkuty\u00f6t. Poistamme erilaiset lattia- ja sein\u00e4p\u00e4\u00e4llysteet kaikenlaisissa kohteissa. Kauko-ohjatulla BROKK-piikkausrobotilla puramme turvallisesti ja tehokkaasti. Toteutamme my\u00f6s kaikki rakennusty\u00f6t hankkeen koosta riippumatta. Rakennus- ja saneeraust\u00f6iss\u00e4 palvelemme sek\u00e4 yksityisi\u00e4 ett\u00e4 yritysasiakkaita.[\/vc_column_text][\/vc_column_inner][\/vc_row_inner][vc_column_text]<\/p>\n<p style=\"text-align: center;\"><a class=\"nappi-tumma\" href=\"tel:+358500 678 682\">SOITA JA TIEDUSTELE<\/a><a class=\"nappi-tumma\" href=\"#yhteystiedot\">J\u00c4T\u00c4 YHTEYDENOTTOPYYNT\u00d6<\/a><\/p>\n<p>[\/vc_column_text][\/vc_column][\/vc_row][vc_row full_width=&#8221;stretch_row_content&#8221; equal_height=&#8221;yes&#8221; el_id=&#8221;yritys&#8221;][vc_column css=&#8221;.vc_custom_1678350484972{margin-right: 3vw !important;margin-left: 3vw !important;padding-top: 50px !important;padding-bottom: 50px !important;background-color: #f1f3f5 !important;}&#8221;][vc_column_text css=&#8221;.vc_custom_1678349948744{margin-right: 3vw !important;margin-bottom: 50px !important;margin-left: 3vw !important;}&#8221;]<\/p>\n<h2 style=\"text-align: center;\">YRITYS<\/h2>\n<p>[\/vc_column_text][vc_row_inner equal_height=&#8221;yes&#8221;][vc_column_inner width=&#8221;1\/2&#8243; css=&#8221;.vc_custom_1678352155707{margin-right: 2vw !important;margin-left: 2vw !important;}&#8221;][vc_column_text]<\/p>\n<h3>TEAM OLLIKAINEN, JO VUODESTA 1968<\/h3>\n<p>Siilinj\u00e4rvel\u00e4inen Team Ollikainen Oy on timanttiporauksiin, -sahauksiin ja -hiontoihin erikoistunut yritys. Monipuolinen yritys my\u00f6s rakentaa, purkaa ja kuljettaa. Yhden miehen kuorma-autoyrityksest\u00e4 toiminta on laajennuttu todelliseksi monialayritykseksi. Rakennust\u00f6iden lis\u00e4ksi Team Ollikaisen toimenkuvaan kuuluvat muun muassa elintarvikekuljetukset ja maansiirtoty\u00f6t. Asiakkaita ovat esimerkiksi rakennusliikkeet ja taloyhti\u00f6t sek\u00e4 yksityistaloudet, yritykset ja yhteis\u00f6t.<\/p>\n<p><strong>Pitk\u00e4 historia<\/strong><br \/>\nYrityksen historia ulottuu vuoteen 1968, jolloin yksi mies hankki auton ja perusti yrityksen.<\/p>\n<p>&#8211; Martikaisen Pera lopetti kuorma-autohommat ja h\u00e4nelt\u00e4 ostin ensimm\u00e4isen, Bedford-merkkisen kuorma-autoni. Silloin rakennettiin Kemiran tehdasta ja soranajoa riitti. 10-py\u00f6r\u00e4-Viking Volvo oli seuraava autoni, jolla ryhdyin ajamaan Keskon apulanta-ajoja. Kesko oli minulle tuttu firma jo ajalta ennen autoilijan uraa, yhteisty\u00f6 oli luontevaa K-ryhm\u00e4n kanssa ja se on jatkunut l\u00e4pi kaikkien n\u00e4iden vuosikymmenten, <strong>Toivo Ollikainen<\/strong> muistelee.<\/p>\n<p><strong>Yritt\u00e4j\u00e4ksi Mika Ollikainen<\/strong><br \/>\n1991 Toivo Ollikainen m\u00f6i yrityksen pojalleen Mikalle, joka oli ollut mukana jo 15-vuotiaasta l\u00e4htien. Mikalle oli helppo ratkaisu jatkaa yritt\u00e4j\u00e4vanhempien viitoittamalla tiell\u00e4. Kun is\u00e4-Topi oli kuorma-auton ratin takana, toimi \u00e4iti Anja Siilinj\u00e4rvell\u00e4 taksiyritt\u00e4j\u00e4n\u00e4.<\/p>\n<p>&#8211; Kun pienest\u00e4 asti oli hommissa mukana, ei valinta ollut vaikea. Perheyrityksen jatkaminen oli t\u00e4rke\u00e4\u00e4, Mika Ollikainen kertoo.[\/vc_column_text][\/vc_column_inner][vc_column_inner width=&#8221;1\/2&#8243; css=&#8221;.vc_custom_1678352186210{margin-right: 2vw !important;margin-left: 2vw !important;}&#8221;][vc_column_text]<strong>Moderni monialayritys<\/strong><br \/>\nNykyisell\u00e4\u00e4n Team Ollikainen on oikea ty\u00f6maiden monitaituri, jolta luonnistuvat hyvin monenlaiset ty\u00f6teht\u00e4v\u00e4t. Vuonna 2015 Team Ollikaisen yrityspariksi syntyi Kaluste Ollikainen, joka suunnittelee, valmistaa ja asentaa kiinto- ja erikoiskalusteet niin yksityistalouksille kuin yrityksille sek\u00e4 yhteis\u00f6ille.<\/p>\n<p><strong>Pitk\u00e4j\u00e4nteisyytt\u00e4 ja luotettavuutta<\/strong><br \/>\nMihin arvoihin pitk\u00e4ik\u00e4inen ja edelleen vahvasti jatkava yritys toimintansa on perustanut?<br \/>\n&#8211; T\u00e4rkeint\u00e4 on kuunnella asiakasta ja muokata toimintaansa sen mukaan. On oltava joustavuutta ja valmiutta reagoida nopeasti. Kunnollinen ja luotettava kalusto on oltava ja halua ty\u00f6skennell\u00e4 pitk\u00e4j\u00e4nteisesti. Luottamus ja pitk\u00e4t asiakkuudet syntyv\u00e4t, kun sovitusta pidet\u00e4\u00e4n kiinni. Vuosien varrella palvelumme ovat monipuolistuneet ja v\u00e4ke\u00e4 on t\u00f6iss\u00e4 eri teht\u00e4viss\u00e4 paljon. Samat arvot p\u00e4tev\u00e4t edelleen, laatu ja luotettavuus ratkaisevat.[\/vc_column_text][\/vc_column_inner][\/vc_row_inner][\/vc_column][\/vc_row][vc_row full_width=&#8221;stretch_row_content&#8221; equal_height=&#8221;yes&#8221; css=&#8221;.vc_custom_1678350250294{background-color: #ffffff !important;}&#8221; el_id=&#8221;yhteystiedot&#8221;][vc_column css=&#8221;.vc_custom_1678350255692{margin-top: 50px !important;margin-right: 3vw !important;margin-bottom: 50px !important;margin-left: 3vw !important;}&#8221;][vc_column_text css=&#8221;.vc_custom_1678348186113{margin-bottom: 50px !important;}&#8221;]<\/p>\n<h2 style=\"text-align: center;\">OTA YHTEYTT\u00c4<\/h2>\n<p>[\/vc_column_text][vc_row_inner equal_height=&#8221;yes&#8221;][vc_column_inner width=&#8221;1\/2&#8243; css=&#8221;.vc_custom_1678352210088{margin-right: 1vw !important;background-color: #f1f3f5 !important;}&#8221;][vc_column_text css=&#8221;.vc_custom_1777365527721{padding-top: 2vw !important;padding-right: 2vw !important;padding-left: 2vw !important;}&#8221;]<\/p>\n<h3>YHTEYSTIEDOT<\/h3>\n<p>Yritt\u00e4j\u00e4ntie 7<br \/>\n71800 SIILINJ\u00c4RVI<\/p>\n<p><span data-olk-copy-source=\"MessageBody\">toimisto@teamollikainen.fi<\/span><\/p>\n<p>Mika Ollikainen<br \/>\n0500 678 682<br \/>\nmika@teamollikainen.fi[\/vc_column_text][vc_column_text css=&#8221;.vc_custom_1678352225094{padding-right: 2vw !important;padding-left: 2vw !important;}&#8221;]<\/p>\n<h3>VERKKOLASKUTUS<\/h3>\n<p>Nimi<br \/>\nTeam Ollikainen Oy<\/p>\n<p>Y-tunnus<br \/>\n2759179-5<\/p>\n<p>Verkkolaskuosoite \/ OVT-tunnus<br \/>\n003727591795<\/p>\n<p>V\u00e4litt\u00e4j\u00e4n tunnus<br \/>\n003723327487<\/p>\n<p>V\u00e4litt\u00e4j\u00e4<br \/>\nApix[\/vc_column_text][\/vc_column_inner][vc_column_inner width=&#8221;1\/2&#8243; css=&#8221;.vc_custom_1678353127655{margin-left: 1vw !important;padding-top: 2vw !important;}&#8221;][vc_column_text css=&#8221;.vc_custom_1678353162435{padding-top: 15px !important;}&#8221;]<\/p>\n<h3>J\u00c4T\u00c4 YHTEYDENOTTOPYYNT\u00d6<\/h3>\n<p>[\/vc_column_text]\n<div class=\"wpcf7 no-js\" id=\"wpcf7-f106-o1\" lang=\"fi\" dir=\"ltr\" data-wpcf7-id=\"106\">\n<div class=\"screen-reader-response\"><p role=\"status\" aria-live=\"polite\" aria-atomic=\"true\"><\/p> <ul><\/ul><\/div>\n<form action=\"\/index.php?rest_route=%2Fwp%2Fv2%2Fpages%2F16#wpcf7-f106-o1\" method=\"post\" class=\"wpcf7-form init\" aria-label=\"Yhteydenottolomake\" novalidate=\"novalidate\" data-status=\"init\">\n<div style=\"display: none;\">\n<input type=\"hidden\" name=\"_wpcf7\" value=\"106\" \/>\n<input type=\"hidden\" name=\"_wpcf7_version\" value=\"6.0\" \/>\n<input type=\"hidden\" name=\"_wpcf7_locale\" value=\"fi\" \/>\n<input type=\"hidden\" name=\"_wpcf7_unit_tag\" value=\"wpcf7-f106-o1\" \/>\n<input type=\"hidden\" name=\"_wpcf7_container_post\" value=\"0\" \/>\n<input type=\"hidden\" name=\"_wpcf7_posted_data_hash\" value=\"\" \/>\n<input type=\"hidden\" name=\"_wpcf7_recaptcha_response\" value=\"\" \/>\n<\/div>\n<p><span class=\"wpcf7-form-control-wrap\" data-name=\"your-name\"><input size=\"40\" maxlength=\"400\" class=\"wpcf7-form-control wpcf7-text wpcf7-validates-as-required\" aria-required=\"true\" aria-invalid=\"false\" placeholder=\"Nimesi\" value=\"\" type=\"text\" name=\"your-name\" \/><\/span>\n<\/p>\n<p><span class=\"wpcf7-form-control-wrap\" data-name=\"your-phone\"><input size=\"40\" maxlength=\"400\" class=\"wpcf7-form-control wpcf7-tel wpcf7-validates-as-required wpcf7-text wpcf7-validates-as-tel\" aria-required=\"true\" aria-invalid=\"false\" placeholder=\"Puhelin\" value=\"\" type=\"tel\" name=\"your-phone\" \/><\/span>\n<\/p>\n<p><span class=\"wpcf7-form-control-wrap\" data-name=\"your-email\"><input size=\"40\" maxlength=\"400\" class=\"wpcf7-form-control wpcf7-email wpcf7-validates-as-required wpcf7-text wpcf7-validates-as-email\" aria-required=\"true\" aria-invalid=\"false\" placeholder=\"S\u00e4hk\u00f6postiosoite\" value=\"\" type=\"email\" name=\"your-email\" \/><\/span>\n<\/p>\n<p><span class=\"wpcf7-form-control-wrap\" data-name=\"your-message\"><textarea cols=\"40\" rows=\"10\" maxlength=\"2000\" class=\"wpcf7-form-control wpcf7-textarea\" aria-invalid=\"false\" placeholder=\"Viestisi...\" name=\"your-message\"><\/textarea><\/span>\n<\/p>\n<p><input class=\"wpcf7-form-control wpcf7-submit has-spinner\" type=\"submit\" value=\"L\u00c4HET\u00c4\" \/>\n<\/p><div class=\"wpcf7-response-output\" aria-hidden=\"true\"><\/div>\n<\/form>\n<\/div>\n[\/vc_column_inner][\/vc_row_inner][\/vc_column][\/vc_row][vc_row full_width=&#8221;stretch_row_content_no_spaces&#8221;][vc_column][vc_column_text css=&#8221;.vc_custom_1678353718099{margin-bottom: 0px !important;}&#8221;]<iframe loading=\"lazy\" style=\"border: 0;\" src=\"https:\/\/www.google.com\/maps\/embed?pb=!1m14!1m8!1m3!1d7222.108866785323!2d27.6577676!3d63.0936404!3m2!1i1024!2i768!4f13.1!3m3!1m2!1s0x4683760e4d900001%3A0x1dde2e8b839e2b86!2sTeam%20Ollikainen%20Oy!5e0!3m2!1sfi!2sfi!4v1678353678939!5m2!1sfi!2sfi\" width=\"100%\" height=\"450\" allowfullscreen=\"allowfullscreen\"><\/iframe>[\/vc_column_text][\/vc_column][\/vc_row]<\/p>\n<\/section>","protected":false},"excerpt":{"rendered":"<p>[vc_row full_width=&#8221;stretch_row_content_no_spaces&#8221; equal_height=&#8221;yes&#8221; content_placement=&#8221;middle&#8221; awb_type=&#8221;video&#8221; awb_video_mobile=&#8221;1&#8243; awb_video_always_play=&#8221;1&#8243; awb_color=&#8221;rgba(10,10,10,0.74)&#8221; awb_video_webm=&#8221;https:\/\/teamollikainen.fi\/wp-content\/uploads\/2022\/11\/team-ollikainen-banneri-video.mp4&#8243; css=&#8221;.vc_custom_1669890230547{margin-top: -120px !important;}&#8221;][vc_column width=&#8221;1\/4&#8243;][\/vc_column][vc_column width=&#8221;1\/2&#8243;][vc_empty_space height=&#8221;200px&#8221;][vc_single_image image=&#8221;41&#8243; img_size=&#8221;full&#8221; alignment=&#8221;center&#8221; css=&#8221;.vc_custom_1673528341137{padding-right: 20px !important;padding-left: 20px !important;}&#8221;][vc_column_text css=&#8221;.vc_custom_1673528305109{padding-right: 20px&hellip;<\/p>\n","protected":false},"author":1,"featured_media":0,"parent":0,"menu_order":0,"comment_status":"closed","ping_status":"closed","template":"","meta":{"footnotes":""},"class_list":["post-16","page","type-page","status-publish","hentry"],"_links":{"self":[{"href":"https:\/\/teamollikainen.fi\/index.php?rest_route=\/wp\/v2\/pages\/16","targetHints":{"allow":["GET"]}}],"collection":[{"href":"https:\/\/teamollikainen.fi\/index.php?rest_route=\/wp\/v2\/pages"}],"about":[{"href":"https:\/\/teamollikainen.fi\/index.php?rest_route=\/wp\/v2\/types\/page"}],"author":[{"embeddable":true,"href":"https:\/\/teamollikainen.fi\/index.php?rest_route=\/wp\/v2\/users\/1"}],"replies":[{"embeddable":true,"href":"https:\/\/teamollikainen.fi\/index.php?rest_route=%2Fwp%2Fv2%2Fcomments&post=16"}],"version-history":[{"count":74,"href":"https:\/\/teamollikainen.fi\/index.php?rest_route=\/wp\/v2\/pages\/16\/revisions"}],"predecessor-version":[{"id":212,"href":"https:\/\/teamollikainen.fi\/index.php?rest_route=\/wp\/v2\/pages\/16\/revisions\/212"}],"wp:attachment":[{"href":"https:\/\/teamollikainen.fi\/index.php?rest_route=%2Fwp%2Fv2%2Fmedia&parent=16"}],"curies":[{"name":"wp","href":"https:\/\/api.w.org\/{rel}","templated":true}]}}